{"id":9,"date":"2024-06-02T20:47:30","date_gmt":"2024-06-02T18:47:30","guid":{"rendered":"https:\/\/uneviedenoce.com\/?page_id=9"},"modified":"2026-02-25T18:29:48","modified_gmt":"2026-02-25T17:29:48","slug":"a-propos-de","status":"publish","type":"page","link":"https:\/\/uneviedenoce.com\/index.php\/a-propos-de\/","title":{"rendered":"\u00c0 propos de"},"content":{"rendered":"\n<hr class=\"wp-block-separator has-alpha-channel-opacity\"\/>\n\n\n\n<p>Bienvenue sur <strong>Une Vie de Noce<\/strong>. Ce projet est n\u00e9 d\u2019une amiti\u00e9 profonde entre deux couples anim\u00e9s par une mission commune : aider les duos \u00e0 b\u00e2tir des foyers solides, \u00e9panouis et vibrants.<\/p>\n\n\n\n<p>Nous croyons que le mariage est une construction qui demande \u00e0 la fois de la rigueur, une communication fluide et une attention constante \u00e0 l&#8217;intimit\u00e9.<\/p>\n\n\n\n<h2 class=\"wp-block-heading\">Qui sommes-nous ?<\/h2>\n\n\n\n<h3 class=\"wp-block-heading\">Philippe &amp; Astrid<\/h3>\n\n\n\n<p>Mari\u00e9s depuis 14 ans, ils ont appris que la solidit\u00e9 d&#8217;un couple ne doit rien au hasard, mais tout \u00e0 l&#8217;intention.<\/p>\n\n\n\n<ul class=\"wp-block-list\">\n<li><strong>Philippe :<\/strong> Ing\u00e9nieur g\u00e9n\u00e9raliste bilingue, il applique la pr\u00e9cision de la gestion de projet \u00e0 la &#8220;structure&#8221; du couple. Il est \u00e9galement l\u2019auteur du roman <em>Les Amants D\u00e9tectives<\/em> (sous le pseudonyme de Kenneth Bishop).<\/li>\n\n\n\n<li><strong>Astrid :<\/strong> Manager de communication et coach sp\u00e9cialis\u00e9e en MPD (<em>Missionary Partner Development<\/em>). Elle apporte son expertise dans l\u2019art de la connexion et l&#8217;accompagnement strat\u00e9gique des relations.<\/li>\n\n\n\n<li><strong>Leur famille :<\/strong> Ils sont les heureux parents de deux gar\u00e7ons.<\/li>\n<\/ul>\n\n\n\n<h3 class=\"wp-block-heading\">Nicolas &amp; Loriane<\/h3>\n\n\n\n<p>Amis de longue date de Philippe et Astrid, mari\u00e9s depuis 18 ans, ils partagent cette m\u00eame passion pour le travail bien fait et la transmission.<\/p>\n\n\n\n<ul class=\"wp-block-list\">\n<li><strong>Nicolas :<\/strong> Sp\u00e9cialiste du BTP, il poss\u00e8de cet amour du bel ouvrage et des fondations qui durent. Pour lui, un couple se construit pierre apr\u00e8s pierre, avec des mat\u00e9riaux de qualit\u00e9 : les valeurs.<\/li>\n\n\n\n<li><strong>Loriane :<\/strong> Sp\u00e9cialiste de l&#8217;accompagnement des enfants, elle apporte un regard essentiel sur l&#8217;\u00e9quilibre entre la vie de parents et la vie de couple.<\/li>\n\n\n\n<li><strong>Leur famille :<\/strong> Leur quotidien est anim\u00e9 par 4 enfants formidables (3 gar\u00e7ons et 1 fille).<\/li>\n<\/ul>\n\n\n\n<h2 class=\"wp-block-heading\">Notre Approche : Sinc\u00e9rit\u00e9 et Expertise V\u00e9cue<\/h2>\n\n\n\n<p>Nous ne sommes pas des th\u00e9oriciens. Notre accompagnement est le fruit de nos propres d\u00e9fis, de nos r\u00e9ussites, mais aussi des difficult\u00e9s que nous avons travers\u00e9es. Pour offrir le meilleur aux couples que nous coachons, nous avons chacun suivi une th\u00e9rapie individuelle afin de garantir une approche saine et restaur\u00e9e.<\/p>\n\n\n\n<h3 class=\"wp-block-heading\">Notre &#8220;Biblioth\u00e8que de Vie&#8221;<\/h3>\n\n\n\n<p>Notre vision est nourrie par les travaux des plus grands experts de la relation et de l&#8217;\u00e2me, que nous avons \u00e9tudi\u00e9s et mis en pratique :<\/p>\n\n\n\n<ul class=\"wp-block-list\">\n<li><strong>Intimit\u00e9 et Sexualit\u00e9 :<\/strong> Pour une vie intime \u00e9panouie et sans tabou, nous nous appuyons sur <em>Intended for Pleasure<\/em> (Ed &amp; Gay Wheat), <em>Mars et V\u00e9nus sous la couette<\/em> (John Gray), <em>His Needs, Her Needs<\/em> (Dr. Willard F. Harley), <em>The Ultimate Intimacy Podcast<\/em>, Nick and Amy<\/li>\n\n\n\n<li><strong>Communication et Engagement :<\/strong> Nous int\u00e9grons les outils de <em>The Marriage Book<\/em> et du parcours <em>Alpha<\/em>, <em>Boundaries<\/em> (Dr Henry Cloud et Dr John Townsend), <em>Les 5 langages de l&#8217;Amour<\/em> (Gary Chapman) et ceux que nous avons d\u00e9velopp\u00e9 par nous-m\u00eames.<\/li>\n\n\n\n<li><strong>Management :<\/strong><em> <\/em>Nous nous basons sur nos lectures de<em> You are a badass <\/em>(Jen Sincero), <em>The 4-Hour Workweek<\/em>, Timothy Ferriss<\/li>\n\n\n\n<li><strong>Sant\u00e9 \u00c9motionnelle et Spirituelle :<\/strong> Nous puisons dans <em>Emotionally Healthy Spirituality<\/em> (Pete Scazzero), <em>Resilient<\/em> (John Eldredge), <em>Permission to be Imperfect<\/em> (Kyle Winkler) et <em>Escape to God<\/em> (J. Hohnberger), <em>Worthy How to believe You are enough and transform your life<\/em> (Jamie Kern Lima)<\/li>\n<\/ul>\n\n\n\n<h2 class=\"wp-block-heading\">Notre C\u0153ur pour Vous<\/h2>\n\n\n\n<p>Nos valeurs infusent tout ce que nous faisons. <strong>Une Vie de Noce<\/strong> est un espace ouvert aux couples qui d\u00e9sirent construire ou r\u00e9parer leur relation.<\/p>\n\n\n\n<p>Notre but est simple : donner aux couples les moyens de mieux communiquer, de s&#8217;\u00e9panouir durablement et de vivre une intimit\u00e9 sexuelle profonde et joyeuse. Que vous soyez en phase de &#8220;construction&#8221; ou en besoin de &#8220;r\u00e9novation&#8221;, nous sommes l\u00e0 pour b\u00e2tir avec vous.<\/p>\n\n\n\n<hr class=\"wp-block-separator has-alpha-channel-opacity\"\/>\n\n\n\n<p><strong>Pr\u00eats \u00e0 renforcer vos fondations ?<\/strong> D\u00e9couvrez nos articles sur le <a target=\"_blank\" rel=\"noreferrer noopener\" href=\"https:\/\/uneviedenoce.com\/\">blog<\/a> ou explorez l&#8217;univers de nos protagonistes Michael et Anna dans <em>Les Amants D\u00e9tectives<\/em> <sup><\/sup> pour voir ces principes en action.<\/p>\n","protected":false},"excerpt":{"rendered":"<p>Bienvenue sur Une Vie de Noce. Ce projet est n\u00e9 d\u2019une amiti\u00e9 profonde entre deux couples anim\u00e9s par une mission commune : aider les duos \u00e0 b\u00e2tir des foyers solides, \u00e9panouis et vibrants. Nous croyons que le mariage est une construction qui demande \u00e0 la fois de la rigueur, une communication fluide et une attention constante \u00e0 l&#8217;intimit\u00e9. Qui sommes-nous ? Philippe &amp; Astrid Mari\u00e9s depuis 14 ans, ils ont appris que la solidit\u00e9 d&#8217;un couple ne doit rien au hasard, mais tout \u00e0 l&#8217;intention. Nicolas &amp; Loriane Amis de longue date de Philippe et Astrid, mari\u00e9s depuis 18 ans, ils partagent cette m\u00eame passion pour le travail bien fait et la transmission. Notre Approche : Sinc\u00e9rit\u00e9 et Expertise V\u00e9cue Nous ne sommes pas des th\u00e9oriciens. Notre accompagnement est le fruit de nos propres d\u00e9fis, de nos r\u00e9ussites, mais aussi des difficult\u00e9s que nous avons travers\u00e9es. Pour offrir le meilleur aux couples que nous coachons, nous avons chacun suivi une th\u00e9rapie individuelle afin de garantir une approche saine et restaur\u00e9e. Notre &#8220;Biblioth\u00e8que de Vie&#8221; Notre vision est nourrie par les travaux des plus grands experts de la relation et de l&#8217;\u00e2me, que nous avons \u00e9tudi\u00e9s et mis en pratique : Notre C\u0153ur pour Vous Nos valeurs infusent tout ce que nous faisons. Une Vie de Noce est un espace ouvert aux couples qui d\u00e9sirent construire ou r\u00e9parer leur relation. Notre but est simple : donner aux couples les moyens de mieux communiquer, de s&#8217;\u00e9panouir durablement et de vivre une intimit\u00e9 sexuelle profonde et joyeuse. Que vous soyez en phase de &#8220;construction&#8221; ou en besoin de &#8220;r\u00e9novation&#8221;, nous sommes l\u00e0 pour b\u00e2tir avec vous. Pr\u00eats \u00e0 renforcer vos fondations ? D\u00e9couvrez nos articles sur le blog ou explorez l&#8217;univers de nos protagonistes Michael et Anna dans Les Amants D\u00e9tectives pour voir ces principes en action.<\/p>\n","protected":false},"author":1,"featured_media":75,"parent":0,"menu_order":0,"comment_status":"closed","ping_status":"closed","template":"","meta":{"footnotes":""},"class_list":["post-9","page","type-page","status-publish","has-post-thumbnail","hentry"],"_links":{"self":[{"href":"https:\/\/uneviedenoce.com\/index.php\/wp-json\/wp\/v2\/pages\/9","targetHints":{"allow":["GET"]}}],"collection":[{"href":"https:\/\/uneviedenoce.com\/index.php\/wp-json\/wp\/v2\/pages"}],"about":[{"href":"https:\/\/uneviedenoce.com\/index.php\/wp-json\/wp\/v2\/types\/page"}],"author":[{"embeddable":true,"href":"https:\/\/uneviedenoce.com\/index.php\/wp-json\/wp\/v2\/users\/1"}],"replies":[{"embeddable":true,"href":"https:\/\/uneviedenoce.com\/index.php\/wp-json\/wp\/v2\/comments?post=9"}],"version-history":[{"count":9,"href":"https:\/\/uneviedenoce.com\/index.php\/wp-json\/wp\/v2\/pages\/9\/revisions"}],"predecessor-version":[{"id":74,"href":"https:\/\/uneviedenoce.com\/index.php\/wp-json\/wp\/v2\/pages\/9\/revisions\/74"}],"wp:featuredmedia":[{"embeddable":true,"href":"https:\/\/uneviedenoce.com\/index.php\/wp-json\/wp\/v2\/media\/75"}],"wp:attachment":[{"href":"https:\/\/uneviedenoce.com\/index.php\/wp-json\/wp\/v2\/media?parent=9"}],"curies":[{"name":"wp","href":"https:\/\/api.w.org\/{rel}","templated":true}]}}